{"id":160,"date":"2018-02-15T17:32:35","date_gmt":"2018-02-15T17:32:35","guid":{"rendered":"http:\/\/www.ofiquatre.com\/?page_id=160"},"modified":"2018-02-15T19:45:06","modified_gmt":"2018-02-15T19:45:06","slug":"consumibles-informatics","status":"publish","type":"page","link":"https:\/\/www.ofiquatre.com\/index.php\/consumibles-informatics\/","title":{"rendered":"Consumibles Inform\u00e0tics"},"content":{"rendered":"<p><strong>\u00a0Treballem amb les millors marques fabricants perqu\u00e8 puguis tr<\/strong><strong>eure el millor rendiment dels teus equips.\u00a0<\/strong><\/p>\n<p><img decoding=\"async\" loading=\"lazy\" class=\"alignleft wp-image-154\" src=\"https:\/\/www.ofiquatre.com\/wp-content\/uploads\/2018\/02\/Varismarcas-1-300x96.png\" alt=\"\" width=\"417\" height=\"133\" srcset=\"https:\/\/www.ofiquatre.com\/wp-content\/uploads\/2018\/02\/Varismarcas-1-300x96.png 300w, https:\/\/www.ofiquatre.com\/wp-content\/uploads\/2018\/02\/Varismarcas-1-768x246.png 768w, https:\/\/www.ofiquatre.com\/wp-content\/uploads\/2018\/02\/Varismarcas-1-1024x328.png 1024w, https:\/\/www.ofiquatre.com\/wp-content\/uploads\/2018\/02\/Varismarcas-1.png 1187w\" sizes=\"(max-width: 417px) 100vw, 417px\" \/><\/p>\n<p><img decoding=\"async\" loading=\"lazy\" class=\"size-medium wp-image-188 alignleft\" src=\"https:\/\/www.ofiquatre.com\/wp-content\/uploads\/2018\/02\/cartutxos-300x162.png\" alt=\"\" width=\"300\" height=\"162\" srcset=\"https:\/\/www.ofiquatre.com\/wp-content\/uploads\/2018\/02\/cartutxos-300x162.png 300w, https:\/\/www.ofiquatre.com\/wp-content\/uploads\/2018\/02\/cartutxos.png 717w\" sizes=\"(max-width: 300px) 100vw, 300px\" \/><\/p>\n<p>&nbsp;<\/p>\n<p>&nbsp;<\/p>\n<p>&nbsp;<\/p>\n<p>&nbsp;<\/p>\n<p>&nbsp;<\/p>\n<p><strong><span class=\"nd_menu_drop_ul_a\">Consum. Impresi\u00f3n<\/span><\/strong><\/p>\n<ul class=\"nd_menu_drop_ul\">\n<li class=\"nd_menu_drop_ul_li\" style=\"list-style-type: none;\">\n<ul class=\"nd_menu_drop_ul_ul\">\n<li>Cartuchos y consum. Inyecci\u00f3n<\/li>\n<\/ul>\n<ul class=\"nd_menu_drop_ul_ul\">\n<li>T\u00f3ner y consum. L\u00e1ser<\/li>\n<\/ul>\n<ul class=\"nd_menu_drop_ul_ul\">\n<li>Cabezales de Impresi\u00f3n<\/li>\n<\/ul>\n<ul class=\"nd_menu_drop_ul_ul\">\n<li>Cintas<\/li>\n<\/ul>\n<ul class=\"nd_menu_drop_ul_ul\">\n<li>Consumibles 3D<\/li>\n<\/ul>\n<\/li>\n<\/ul>\n<p><strong><span class=\"nd_menu_drop_ul_a\">Papel para Impresoras<\/span><\/strong><\/p>\n<ul class=\"nd_menu_drop_ul\">\n<li class=\"nd_menu_drop_ul_li\" style=\"list-style-type: none;\">\n<ul class=\"nd_menu_drop_ul_ul\">\n<li>Papel de Oficina y Film<\/li>\n<\/ul>\n<ul class=\"nd_menu_drop_ul_ul\">\n<li>Papel Fotogr\u00e1fico<\/li>\n<\/ul>\n<ul class=\"nd_menu_drop_ul_ul\">\n<li>Papel Satinado<\/li>\n<\/ul>\n<ul class=\"nd_menu_drop_ul_ul\">\n<li>Papel Especial Inyecci\u00f3n<\/li>\n<\/ul>\n<ul class=\"nd_menu_drop_ul_ul\">\n<li>Etiquetas<\/li>\n<\/ul>\n<\/li>\n<\/ul>\n<p><strong><span class=\"nd_menu_drop_ul_a\">Consumibles Gran Formato<\/span><\/strong><\/p>\n<ul class=\"nd_menu_drop_ul\">\n<li class=\"nd_menu_drop_ul_li\" style=\"list-style-type: none;\">\n<ul class=\"nd_menu_drop_ul_ul\">\n<li>Cartuchos Gran Formato<\/li>\n<\/ul>\n<ul class=\"nd_menu_drop_ul_ul\">\n<li>Cabezales Gran Formato<\/li>\n<\/ul>\n<ul class=\"nd_menu_drop_ul_ul\">\n<li>Tinta Gran Formato Solvente<\/li>\n<\/ul>\n<\/li>\n<\/ul>\n<p><strong>Papel Gran Formato<\/strong><\/p>\n<ul class=\"nd_menu_drop_ul\">\n<li class=\"nd_menu_drop_ul_li\" style=\"list-style-type: none;\">\n<ul class=\"nd_menu_drop_ul_ul\">\n<li>Papel Gran Formato Fotogr\u00e1fico<\/li>\n<\/ul>\n<ul class=\"nd_menu_drop_ul_ul\">\n<li>Papel Gran Formato Satinado<\/li>\n<\/ul>\n<ul class=\"nd_menu_drop_ul_ul\">\n<li>Papel Gran Formato Especial<\/li>\n<\/ul>\n<\/li>\n<\/ul>\n<p><strong><span class=\"nd_menu_drop_ul_a\">Otros Consumibles<\/span><\/strong><\/p>\n<ul class=\"nd_menu_drop_ul\">\n<li class=\"nd_menu_drop_ul_li\" style=\"list-style-type: none;\">\n<ul class=\"nd_menu_drop_ul_ul\">\n<li>Encuadernadoras<\/li>\n<\/ul>\n<\/li>\n<\/ul>\n<p><strong><span class=\"nd_menu_drop_ul_a\">Recambios y Kits Mant.<\/span><\/strong><\/p>\n<ul class=\"nd_menu_drop_ul\">\n<li class=\"nd_menu_drop_ul_li\" style=\"list-style-type: none;\">\n<ul class=\"nd_menu_drop_ul_ul\">\n<li>Kits de Limp\u00eceza<\/li>\n<\/ul>\n<ul class=\"nd_menu_drop_ul_ul\">\n<li>Kits de Mantenimiento<\/li>\n<\/ul>\n<ul class=\"nd_menu_drop_ul_ul\">\n<li>Kits de Tambor<\/li>\n<\/ul>\n<ul class=\"nd_menu_drop_ul_ul\">\n<li>Kits de Fusor<\/li>\n<\/ul>\n<ul class=\"nd_menu_drop_ul_ul\">\n<li>Contenedores de residuos<\/li>\n<\/ul>\n<ul class=\"nd_menu_drop_ul_ul\">\n<li>Kits de Transferencia<\/li>\n<\/ul>\n<\/li>\n<\/ul>\n<p><strong><span class=\"nd_menu_drop_ul_a\">Cintas de Etiquetado<\/span><\/strong><\/p>\n<ul class=\"nd_menu_drop_ul\">\n<li class=\"nd_menu_drop_ul_li\" style=\"list-style-type: none;\">\n<ul class=\"nd_menu_drop_ul_ul\">\n<li>Cintas de Etiquetado<\/li>\n<\/ul>\n<\/li>\n<\/ul>\n<p><strong><span class=\"nd_menu_drop_ul_a\">Consum. Almacenamiento<\/span><\/strong><\/p>\n<ul class=\"nd_menu_drop_ul\">\n<li class=\"nd_menu_drop_ul_li\" style=\"list-style-type: none;\">\n<ul class=\"nd_menu_drop_ul_ul\">\n<li>Cintas DAT \/ DDS<\/li>\n<\/ul>\n<ul class=\"nd_menu_drop_ul_ul\">\n<li>Cintas LTO<\/li>\n<\/ul>\n<ul class=\"nd_menu_drop_ul_ul\">\n<li>Cintas SDLT (s\u00faper DLT)<\/li>\n<\/ul>\n<ul class=\"nd_menu_drop_ul_ul\">\n<li>Cartuchos Almacenamiento<\/li>\n<li>Otros soportes<\/li>\n<\/ul>\n<\/li>\n<\/ul>\n","protected":false},"excerpt":{"rendered":"<p>\u00a0Treballem amb les millors marques fabricants perqu\u00e8 puguis treure el millor rendiment dels teus equips.\u00a0 &nbsp; &nbsp; &nbsp; &nbsp; &nbsp; Consum. Impresi\u00f3n Cartuchos y consum. Inyecci\u00f3n T\u00f3ner y consum. L\u00e1ser Cabezales de Impresi\u00f3n Cintas Consumibles 3D Papel para Impresoras Papel<\/p>\n","protected":false},"author":1,"featured_media":0,"parent":0,"menu_order":1,"comment_status":"closed","ping_status":"closed","template":"","meta":[],"_links":{"self":[{"href":"https:\/\/www.ofiquatre.com\/index.php\/wp-json\/wp\/v2\/pages\/160"}],"collection":[{"href":"https:\/\/www.ofiquatre.com\/index.php\/wp-json\/wp\/v2\/pages"}],"about":[{"href":"https:\/\/www.ofiquatre.com\/index.php\/wp-json\/wp\/v2\/types\/page"}],"author":[{"embeddable":true,"href":"https:\/\/www.ofiquatre.com\/index.php\/wp-json\/wp\/v2\/users\/1"}],"replies":[{"embeddable":true,"href":"https:\/\/www.ofiquatre.com\/index.php\/wp-json\/wp\/v2\/comments?post=160"}],"version-history":[{"count":7,"href":"https:\/\/www.ofiquatre.com\/index.php\/wp-json\/wp\/v2\/pages\/160\/revisions"}],"predecessor-version":[{"id":214,"href":"https:\/\/www.ofiquatre.com\/index.php\/wp-json\/wp\/v2\/pages\/160\/revisions\/214"}],"wp:attachment":[{"href":"https:\/\/www.ofiquatre.com\/index.php\/wp-json\/wp\/v2\/media?parent=160"}],"curies":[{"name":"wp","href":"https:\/\/api.w.org\/{rel}","templated":true}]}}